{"id":207,"date":"2024-01-31T20:20:37","date_gmt":"2024-01-31T18:20:37","guid":{"rendered":"https:\/\/stage.vetpoint.ch\/page-daccueil-test\/"},"modified":"2024-05-18T12:39:39","modified_gmt":"2024-05-18T10:39:39","slug":"startseite","status":"publish","type":"page","link":"https:\/\/stage.vetpoint.ch\/fr\/","title":{"rendered":"Page d&rsquo;accueil"},"content":{"rendered":"\n<div class=\"wp-block-columns are-vertically-aligned-center has-base-2-background-color has-background is-layout-flex wp-container-core-columns-is-layout-28f84493 wp-block-columns-is-layout-flex\" style=\"border-width:1px;border-radius:8px;box-shadow:var(--wp--preset--shadow--natural)\">\n<div class=\"wp-block-column is-vertically-aligned-center is-layout-flow wp-block-column-is-layout-flow\">\n<figure class=\"wp-block-image size-full\"><img decoding=\"async\" src=\"https:\/\/stage.vetpoint.ch\/wp-content\/uploads\/2024\/05\/2024.05.13_Grafik-VETdta_f-e1716026824554.png\" alt=\"\" class=\"wp-image-1101\" style=\"object-fit:cover\"\/><\/figure>\n<\/div>\n\n\n\n<div class=\"wp-block-column is-vertically-aligned-center is-layout-flow wp-block-column-is-layout-flow\">\n<p class=\"has-text-align-center has-small-font-size\">Actuellement, vous trouvez environ 85% des documents de facturation des fournisseurs TVS dans VETdata &#8211; et ce chiffre augmente chaque jour !<\/p>\n<\/div>\n\n\n\n<div class=\"wp-block-column is-vertically-aligned-center is-layout-flow wp-block-column-is-layout-flow\">\n<figure class=\"wp-block-image aligncenter size-large is-resized is-style-default\"><a href=\"https:\/\/vetdata.ch\/fr\/\" target=\"_blank\" rel=\"noreferrer noopener\"><img loading=\"lazy\" decoding=\"async\" width=\"1024\" height=\"196\" src=\"https:\/\/stage.vetpoint.ch\/wp-content\/uploads\/2024\/05\/vetdata-1024x196.png\" alt=\"\" class=\"wp-image-1032\" style=\"width:173px\" srcset=\"https:\/\/stage.vetpoint.ch\/wp-content\/uploads\/2024\/05\/vetdata-1024x196.png 1024w, https:\/\/stage.vetpoint.ch\/wp-content\/uploads\/2024\/05\/vetdata-300x57.png 300w, https:\/\/stage.vetpoint.ch\/wp-content\/uploads\/2024\/05\/vetdata-768x147.png 768w, https:\/\/stage.vetpoint.ch\/wp-content\/uploads\/2024\/05\/vetdata.png 1311w\" sizes=\"auto, (max-width: 1024px) 100vw, 1024px\" \/><\/a><\/figure>\n<\/div>\n<\/div>\n\n\n\n<div style=\"height:28px\" aria-hidden=\"true\" class=\"wp-block-spacer\"><\/div>\n\n\n\n<div class=\"wp-block-group is-vertical is-nowrap is-layout-flex wp-container-core-group-is-layout-a7543abb wp-block-group-is-layout-flex\" style=\"padding-top:0;padding-bottom:var(--wp--preset--spacing--40)\">\n<h3 class=\"wp-block-heading has-custom-farbe-1-color has-text-color has-link-color wp-elements-1bf14fea84e302723d46a9f0fc042181\">Toutes vos commandes \u2013 sur un site unique !<\/h3>\n\n\n\n<h4 class=\"wp-block-heading\">Bienvenue sur www.vetpoint.ch &#8211; le portail Internet de commande destin\u00e9 aux v\u00e9t\u00e9rinaires.<\/h4>\n\n\n\n<p>Les commandes longues et fastidieuses aupr\u00e8s de multiples fournisseurs appartiennent au pass\u00e9. Avec Vetpoint, vous pouvez commander rapidement et simplement tous les m\u00e9dicaments, aliments et le mat\u00e9riel \u00e0 usage v\u00e9t\u00e9rinaire dont vous avez besoin. Jetez un coup d&rsquo;\u0153il &#8211; <a href=\"https:\/\/stage.vetpoint.ch\/fr\/enregistrer\/\" data-type=\"page\" data-id=\"921\">S&rsquo;enregistrer chez Vetpoint maintenant!<\/a><\/p>\n<\/div>\n\n\n\n<div class=\"wp-block-group is-vertical is-layout-flex wp-container-core-group-is-layout-3a78c621 wp-block-group-is-layout-flex\" style=\"margin-bottom:var(--wp--preset--spacing--40)\">\n<h3 class=\"wp-block-heading has-custom-farbe-1-color has-text-color has-link-color wp-elements-db295594b0702fce4164f6ed3802dccb\">Vetpoint \u2013 les avantages :<\/h3>\n\n\n\n<div class=\"wp-block-columns fullwidth is-layout-flex wp-container-core-columns-is-layout-28f84493 wp-block-columns-is-layout-flex\">\n<div class=\"wp-block-column is-layout-flow wp-block-column-is-layout-flow\" style=\"flex-basis:50%\">\n<ul class=\"wp-block-list\">\n<li>Une place de march\u00e9 \u00e9lectronique regroupant les fournisseurs, pour toutes vos commandes sur un site internet unique<br><\/li>\n\n\n\n<li>Simple d\u2019emploi : \u00e9conomisez temps et \u00e9nergie pour effectuer vos commandes<br><\/li>\n\n\n\n<li>Syst\u00e8me de commande homog\u00e8ne, vous offrant la meilleure vue d\u2019ensemble sur tous les m\u00e9dicaments v\u00e9t\u00e9rinaires du march\u00e9<br><\/li>\n\n\n\n<li>Analyse des commandes : vous pouvez interroger, d\u2019un simple clic de souris, ce que vous avez command\u00e9, \u00e0 quelle date, en quelle quantit\u00e9 et chez quel fabricant<\/li>\n<\/ul>\n<\/div>\n\n\n\n<div class=\"wp-block-column is-layout-flow wp-block-column-is-layout-flow\" style=\"flex-basis:50%\">\n<ul class=\"wp-block-list\">\n<li>Base de donn\u00e9es des produits toujours actuelle, avec, en plus, des informations sur les actions et promotions des diff\u00e9rents fournisseurs<br><\/li>\n\n\n\n<li>Service unifi\u00e9 de commande, gratuit pour les v\u00e9t\u00e9rinaires \u2013 aucune installation de logiciel n\u2019est n\u00e9cessaire<br><\/li>\n\n\n\n<li>Choix parmi tous les fournisseurs contractuels<br><\/li>\n\n\n\n<li>Vetpoint garantit une absolue confidentialit\u00e9 et la meilleure s\u00e9curit\u00e9 possible des donn\u00e9es<\/li>\n<\/ul>\n<\/div>\n<\/div>\n\n\n\n<div class=\"wp-block-columns fullwidth is-layout-flex wp-container-core-columns-is-layout-28f84493 wp-block-columns-is-layout-flex\">\n<div class=\"wp-block-column is-layout-flow wp-block-column-is-layout-flow\">\n<div class=\"wp-block-buttons is-layout-flex wp-block-buttons-is-layout-flex\">\n<div class=\"wp-block-button has-custom-font-size is-style-fill has-medium-font-size\"><a class=\"wp-block-button__link has-base-2-color has-custom-farbe-1-background-color has-text-color has-background has-link-color has-border-color has-custom-farbe-1-border-color wp-element-button\" href=\"https:\/\/www.vetpoint.ch\/ecommerce\/control\/shop\" style=\"padding-right:var(--wp--preset--spacing--20);padding-left:var(--wp--preset--spacing--20)\">Webshop<\/a><\/div>\n<\/div>\n<\/div>\n\n\n\n<div class=\"wp-block-column is-layout-flow wp-block-column-is-layout-flow\">\n<div class=\"wp-block-buttons is-layout-flex wp-block-buttons-is-layout-flex\">\n<div class=\"wp-block-button has-custom-font-size is-style-fill has-medium-font-size\"><a class=\"wp-block-button__link has-base-2-color has-custom-farbe-1-background-color has-text-color has-background has-link-color has-border-color has-custom-farbe-1-border-color wp-element-button\" href=\"https:\/\/stage.vetpoint.ch\/fr\/enregistrer\/\" style=\"padding-right:var(--wp--preset--spacing--20);padding-left:var(--wp--preset--spacing--20)\">S&rsquo;enregistrer chez Vetpoint maintenant<\/a><\/div>\n<\/div>\n<\/div>\n<\/div>\n<\/div>\n\n\n\n<h4 class=\"wp-block-heading\">Vous trouverez \u00e9galement plus de d\u00e9tails dans le d\u00e9pliant.<\/h4>\n\n\n\n<p>Si vous avez des questions suppl\u00e9mentaires que vous n&rsquo;avez pas encore trouv\u00e9es dans la rubrique FAQ (questions fr\u00e9quemment pos\u00e9es), n&rsquo;h\u00e9sitez pas \u00e0 nous contacter par <a href=\"mailto:faq@vetpoint.ch\" data-type=\"mailto\" data-id=\"mailto:faq@vetpoint.ch\">e-mail<\/a>.<\/p>\n","protected":false},"excerpt":{"rendered":"<p>Actuellement, vous trouvez environ 85% des documents de facturation des fournisseurs TVS dans VETdata &#8211; et ce chiffre augmente chaque jour ! Toutes vos commandes \u2013 sur un site unique ! Bienvenue sur www.vetpoint.ch &#8211; le portail Internet de commande destin\u00e9 aux v\u00e9t\u00e9rinaires. Les commandes longues et fastidieuses aupr\u00e8s de multiples fournisseurs appartiennent au pass\u00e9. [&hellip;]<\/p>\n","protected":false},"author":1,"featured_media":0,"parent":0,"menu_order":0,"comment_status":"closed","ping_status":"closed","template":"page-with-sidebar","meta":{"footnotes":""},"class_list":["post-207","page","type-page","status-publish","hentry"],"publishpress_future_action":{"enabled":false,"date":"2026-04-11 04:53:05","action":"change-status","newStatus":"draft","terms":[],"taxonomy":"translation_priority","extraData":[]},"publishpress_future_workflow_manual_trigger":{"enabledWorkflows":[]},"_links":{"self":[{"href":"https:\/\/stage.vetpoint.ch\/fr\/wp-json\/wp\/v2\/pages\/207","targetHints":{"allow":["GET"]}}],"collection":[{"href":"https:\/\/stage.vetpoint.ch\/fr\/wp-json\/wp\/v2\/pages"}],"about":[{"href":"https:\/\/stage.vetpoint.ch\/fr\/wp-json\/wp\/v2\/types\/page"}],"author":[{"embeddable":true,"href":"https:\/\/stage.vetpoint.ch\/fr\/wp-json\/wp\/v2\/users\/1"}],"replies":[{"embeddable":true,"href":"https:\/\/stage.vetpoint.ch\/fr\/wp-json\/wp\/v2\/comments?post=207"}],"version-history":[{"count":22,"href":"https:\/\/stage.vetpoint.ch\/fr\/wp-json\/wp\/v2\/pages\/207\/revisions"}],"predecessor-version":[{"id":1114,"href":"https:\/\/stage.vetpoint.ch\/fr\/wp-json\/wp\/v2\/pages\/207\/revisions\/1114"}],"wp:attachment":[{"href":"https:\/\/stage.vetpoint.ch\/fr\/wp-json\/wp\/v2\/media?parent=207"}],"curies":[{"name":"wp","href":"https:\/\/api.w.org\/{rel}","templated":true}]}}